{"id":1188,"date":"2024-09-25T09:56:41","date_gmt":"2024-09-25T09:56:41","guid":{"rendered":"http:\/\/comunachisindia.ro\/?page_id=1188"},"modified":"2024-09-25T10:01:18","modified_gmt":"2024-09-25T10:01:18","slug":"contact","status":"publish","type":"page","link":"https:\/\/comunachisindia.ro\/?page_id=1188","title":{"rendered":"Contact"},"content":{"rendered":"<p><iframe src=\"https:\/\/www.google.com\/maps\/embed?pb=!1m18!1m12!1m3!1d11027.220713802648!2d22.09560875!3d46.2938445!2m3!1f0!2f0!3f0!3m2!1i1024!2i768!4f13.1!3m3!1m2!1s0x474f435b0b0d5efb%3A0x68e77ee4b0080d99!2s317080%20Chisindia%2C%20Romania!5e0!3m2!1sen!2sus!4v1727258294366!5m2!1sen!2sus\" width=\"600\" height=\"450\" style=\"border:0;\" allowfullscreen=\"\" loading=\"lazy\" referrerpolicy=\"no-referrer-when-downgrade\"><\/iframe><\/p>\n<p>Persoane din institutie:<br \/>\nPrimar: Pa\u015fca Ionel<br \/>\nViceprimar: Andra\u015f Geanin Ionel<br \/>\nSecretar General: Mandu Elisabeta Maria<br \/>\nContabil: Pucea Gheorghe<\/p>\n<p>Suprafa\u021b\u0103: 12928 haIntravilan: 118 haExtravilan: 12810 haPopula\u021bie: 1432Gospod\u0103rii: 850Nr. locuin\u021be: 720Nr. gr\u0103dini\u021be: 2Nr. \u0219coli: 2<br \/>\nNumele localit\u0103\u021bilor aflate \u00een administra\u021bie:<br \/>\nChisindia, P\u0103iu\u015feni, V\u0103soaia<\/p>\n<p>Adresa: Principal\u0103, nr. 191\/A, 317080, Jude\u021b: Arad, Romania<br \/>\n Telefon: 0257-314105<br \/>\n Fax: 0257-314014<\/p>\n","protected":false},"excerpt":{"rendered":"<p>Persoane din institutie: Primar: Pa\u015fca Ionel Viceprimar: Andra\u015f Geanin Ionel Secretar General: Mandu Elisabeta Maria Contabil: Pucea Gheorghe Suprafa\u021b\u0103: 12928 haIntravilan: 118 haExtravilan: 12810 haPopula\u021bie: 1432Gospod\u0103rii: 850Nr. locuin\u021be: 720Nr. gr\u0103dini\u021be: 2Nr. \u0219coli: 2 Numele localit\u0103\u021bilor aflate \u00een administra\u021bie: Chisindia, P\u0103iu\u015feni, &hellip; <a href=\"https:\/\/comunachisindia.ro\/?page_id=1188\">Continu\u0103 s\u0103 cite\u0219ti <span class=\"meta-nav\">&rarr;<\/span><\/a><\/p>\n","protected":false},"author":1,"featured_media":0,"parent":0,"menu_order":0,"comment_status":"closed","ping_status":"closed","template":"","meta":[],"_links":{"self":[{"href":"https:\/\/comunachisindia.ro\/index.php?rest_route=\/wp\/v2\/pages\/1188"}],"collection":[{"href":"https:\/\/comunachisindia.ro\/index.php?rest_route=\/wp\/v2\/pages"}],"about":[{"href":"https:\/\/comunachisindia.ro\/index.php?rest_route=\/wp\/v2\/types\/page"}],"author":[{"embeddable":true,"href":"https:\/\/comunachisindia.ro\/index.php?rest_route=\/wp\/v2\/users\/1"}],"replies":[{"embeddable":true,"href":"https:\/\/comunachisindia.ro\/index.php?rest_route=%2Fwp%2Fv2%2Fcomments&post=1188"}],"version-history":[{"count":7,"href":"https:\/\/comunachisindia.ro\/index.php?rest_route=\/wp\/v2\/pages\/1188\/revisions"}],"predecessor-version":[{"id":1195,"href":"https:\/\/comunachisindia.ro\/index.php?rest_route=\/wp\/v2\/pages\/1188\/revisions\/1195"}],"wp:attachment":[{"href":"https:\/\/comunachisindia.ro\/index.php?rest_route=%2Fwp%2Fv2%2Fmedia&parent=1188"}],"curies":[{"name":"wp","href":"https:\/\/api.w.org\/{rel}","templated":true}]}}