{"id":53,"date":"2016-03-30T04:24:36","date_gmt":"2016-03-30T04:24:36","guid":{"rendered":"http:\/\/comunachisindia.ro\/?page_id=53"},"modified":"2023-05-17T20:47:08","modified_gmt":"2023-05-17T20:47:08","slug":"urbanismoferte-vanzari-cumparari-terenuri","status":"publish","type":"page","link":"https:\/\/comunachisindia.ro\/?page_id=53","title":{"rendered":"Urbanism"},"content":{"rendered":"<p><a href=\"http:\/\/comunachisindia.ro\/wp-content\/uploads\/2023\/05\/ANUNT.pdf\">ANUNT<\/a><\/p>\n<p><a href=\"http:\/\/comunachisindia.ro\/wp-content\/uploads\/2023\/04\/Anunt-etapa-II-PUZ.pdf\">Anunt etapa II PUZ<\/a><\/p>\n<p><a href=\"http:\/\/comunachisindia.ro\/wp-content\/uploads\/2023\/04\/Raspuns-solicitari-cetateni.pdf\">R\u0103spuns solicit\u0103ri cet\u0103\u021beni<\/a><\/p>\n<p><a href=\"http:\/\/comunachisindia.ro\/wp-content\/uploads\/2023\/04\/Anunt-intocmire-PUZ-construire-capela-funerara-in-Com.-Chisindia.pdf\">Anun\u021b \u00eentocmire PUZ construire capela funerar\u0103 \u00een Com. Chisindia<\/a><\/p>\n<p><a href=\"http:\/\/comunachisindia.ro\/wp-content\/uploads\/2021\/08\/scanare0002-1.pdf\">CERTIFICATE DE URBANISM<\/a><\/p>\n<p><a href=\"http:\/\/comunachisindia.ro\/wp-content\/uploads\/2021\/08\/scanare0001-1.pdf\">AUTORIZATII DE CONSTRUIRE<\/a><\/p>\n<p><a href=\"http:\/\/comunachisindia.ro\/wp-content\/uploads\/2016\/03\/ANUNT-CADASTRU.docx\" rel=\"\">ANUNT CADASTRU<\/a><\/p>\n<p>&nbsp;<\/p>\n<p>&nbsp;<\/p>\n","protected":false},"excerpt":{"rendered":"<p>ANUNT Anunt etapa II PUZ R\u0103spuns solicit\u0103ri cet\u0103\u021beni Anun\u021b \u00eentocmire PUZ construire capela funerar\u0103 \u00een Com. Chisindia CERTIFICATE DE URBANISM AUTORIZATII DE CONSTRUIRE ANUNT CADASTRU &nbsp; &nbsp;<\/p>\n","protected":false},"author":1,"featured_media":0,"parent":28,"menu_order":0,"comment_status":"closed","ping_status":"closed","template":"","meta":[],"_links":{"self":[{"href":"https:\/\/comunachisindia.ro\/index.php?rest_route=\/wp\/v2\/pages\/53"}],"collection":[{"href":"https:\/\/comunachisindia.ro\/index.php?rest_route=\/wp\/v2\/pages"}],"about":[{"href":"https:\/\/comunachisindia.ro\/index.php?rest_route=\/wp\/v2\/types\/page"}],"author":[{"embeddable":true,"href":"https:\/\/comunachisindia.ro\/index.php?rest_route=\/wp\/v2\/users\/1"}],"replies":[{"embeddable":true,"href":"https:\/\/comunachisindia.ro\/index.php?rest_route=%2Fwp%2Fv2%2Fcomments&post=53"}],"version-history":[{"count":20,"href":"https:\/\/comunachisindia.ro\/index.php?rest_route=\/wp\/v2\/pages\/53\/revisions"}],"predecessor-version":[{"id":980,"href":"https:\/\/comunachisindia.ro\/index.php?rest_route=\/wp\/v2\/pages\/53\/revisions\/980"}],"up":[{"embeddable":true,"href":"https:\/\/comunachisindia.ro\/index.php?rest_route=\/wp\/v2\/pages\/28"}],"wp:attachment":[{"href":"https:\/\/comunachisindia.ro\/index.php?rest_route=%2Fwp%2Fv2%2Fmedia&parent=53"}],"curies":[{"name":"wp","href":"https:\/\/api.w.org\/{rel}","templated":true}]}}